{"id":456,"date":"2018-04-19T14:12:12","date_gmt":"2018-04-19T14:12:12","guid":{"rendered":"http:\/\/zantetheme.com\/?page_id=456"},"modified":"2023-12-21T10:37:12","modified_gmt":"2023-12-21T10:37:12","slug":"iletisim","status":"publish","type":"page","link":"https:\/\/thecornerpark.com\/ru\/iletisim\/","title":{"rendered":"\u0421\u0432\u044f\u0437\u044c"},"content":{"rendered":"<div class=\"wpb-content-wrapper\"><div data-vc-full-width=\"true\" data-vc-full-width-init=\"false\" data-vc-stretch-content=\"true\" class=\"vc_row wpb_row vc_row-fluid vc_custom_1531697180247 vc_row-no-padding\"><div class=\"wpb_column vc_column_container vc_col-sm-12\"><div class=\"vc_column-inner\"><div class=\"wpb_wrapper\">\n\t<div class=\"wpb_text_column wpb_content_element\" >\n\t\t<div class=\"wpb_wrapper\">\n\t\t\t<p><iframe src=\"https:\/\/www.google.com\/maps\/embed?pb=!1m14!1m8!1m3!1d1595.8313438682749!2d30.656204362488275!3d36.874492006707634!3m2!1i1024!2i768!4f13.1!3m3!1m2!1s0x14c391fde956b919%3A0xf646af4ee73022af!2sThe%20Corner%20Park%20Hotel!5e0!3m2!1str!2str!4v1703155062103!5m2!1str!2str\" width=\"100%\" height=\"450\" style=\"border:0;\" allowfullscreen=\"\" loading=\"lazy\" referrerpolicy=\"no-referrer-when-downgrade\"><\/iframe><\/p>\n\n\t\t<\/div>\n\t<\/div>\n<\/div><\/div><\/div><\/div><div class=\"vc_row-full-width vc_clearfix\"><\/div><div class=\"vc_row wpb_row vc_row-fluid\"><div class=\"wpb_column vc_column_container vc_col-sm-12\"><div class=\"vc_column-inner\"><div class=\"wpb_wrapper\"><div class=\"vc_empty_space\"   style=\"height: 100px\"><span class=\"vc_empty_space_inner\"><\/span><\/div><\/div><\/div><\/div><\/div><div class=\"vc_row wpb_row vc_row-fluid\"><div class=\"wpb_column vc_column_container vc_col-sm-8\"><div class=\"vc_column-inner\"><div class=\"wpb_wrapper\">\t\t\t<div\r\n\t\t\t\tclass=\"main_title  text-left\">\r\n\t\t\t\t<h2 class=\"title\">\u0421\u0412\u042f\u0416\u0418\u0422\u0415\u0421\u042c \u0421 \u041d\u0410\u041c\u0418<\/h2>\r\n\t\t\t\t\t\t\t<\/div>\r\n\t\t\n<div class=\"wpcf7 no-js\" id=\"wpcf7-f1079-o1\" lang=\"en-US\" dir=\"ltr\" data-wpcf7-id=\"1079\">\n<div class=\"screen-reader-response\"><p role=\"status\" aria-live=\"polite\" aria-atomic=\"true\"><\/p> <ul><\/ul><\/div>\n<form action=\"\/ru\/wp-json\/wp\/v2\/pages\/456#wpcf7-f1079-o1\" method=\"post\" class=\"wpcf7-form init\" aria-label=\"Contact form\" novalidate=\"novalidate\" data-status=\"init\" data-trp-original-action=\"\/ru\/wp-json\/wp\/v2\/pages\/456#wpcf7-f1079-o1\">\n<fieldset class=\"hidden-fields-container\"><input type=\"hidden\" name=\"_wpcf7\" value=\"1079\" \/><input type=\"hidden\" name=\"_wpcf7_version\" value=\"6.1.5\" \/><input type=\"hidden\" name=\"_wpcf7_locale\" value=\"en_US\" \/><input type=\"hidden\" name=\"_wpcf7_unit_tag\" value=\"wpcf7-f1079-o1\" \/><input type=\"hidden\" name=\"_wpcf7_container_post\" value=\"0\" \/><input type=\"hidden\" name=\"_wpcf7_posted_data_hash\" value=\"\" \/>\n<\/fieldset>\n<div class=\"contact-page-form\">\n<div class=\"wpcf7-response-output\" aria-hidden=\"true\"><\/div>\n\t<div class=\"row\">\n\t\t<div class=\"form-group col-md-6\">\n\t\t\t<p><span class=\"wpcf7-form-control-wrap\" data-name=\"your-name\"><input size=\"40\" maxlength=\"400\" class=\"wpcf7-form-control wpcf7-text wpcf7-validates-as-required form-control\" aria-required=\"true\" aria-invalid=\"false\" placeholder=\"\u0412\u0430\u0448\u0435 \u0438\u043c\u044f \u0438 \u0444\u0430\u043c\u0438\u043b\u0438\u044f\" value=\"\" type=\"text\" name=\"your-name\" \/><\/span>\n\t\t\t<\/p>\n\t\t<\/div>\n\t\t<div class=\"form-group col-md-6\">\n\t\t\t<p><span class=\"wpcf7-form-control-wrap\" data-name=\"your-phone\"><input size=\"40\" maxlength=\"400\" class=\"wpcf7-form-control wpcf7-text wpcf7-validates-as-required form-control\" aria-required=\"true\" aria-invalid=\"false\" placeholder=\"\u0412\u0430\u0448 \u043d\u043e\u043c\u0435\u0440 \u0442\u0435\u043b\u0435\u0444\u043e\u043d\u0430\" value=\"\" type=\"text\" name=\"your-phone\" \/><\/span>\n\t\t\t<\/p>\n\t\t<\/div>\n\t\t<div class=\"form-group col-md-6\">\n\t\t\t<p><span class=\"wpcf7-form-control-wrap\" data-name=\"your-email\"><input size=\"40\" maxlength=\"400\" class=\"wpcf7-form-control wpcf7-email wpcf7-validates-as-required wpcf7-text wpcf7-validates-as-email form-control\" aria-required=\"true\" aria-invalid=\"false\" placeholder=\"\u0412\u0430\u0448 \u0430\u0434\u0440\u0435\u0441 \u044d\u043b\u0435\u043a\u0442\u0440\u043e\u043d\u043d\u043e\u0439 \u043f\u043e\u0447\u0442\u044b\" value=\"\" type=\"email\" name=\"your-email\" \/><\/span>\n\t\t\t<\/p>\n\t\t<\/div>\n\t\t<div class=\"form-group col-md-6\">\n\t\t\t<p><span class=\"wpcf7-form-control-wrap\" data-name=\"your-subject\"><input size=\"40\" maxlength=\"400\" class=\"wpcf7-form-control wpcf7-text form-control\" aria-invalid=\"false\" placeholder=\"\u0422\u0435\u043c\u0430\" value=\"\" type=\"text\" name=\"your-subject\" \/><\/span>\n\t\t\t<\/p>\n\t\t<\/div>\n\t<\/div>\n\t<div class=\"form-group\">\n\t\t<p><span class=\"wpcf7-form-control-wrap\" data-name=\"your-message\"><textarea cols=\"40\" rows=\"10\" maxlength=\"2000\" class=\"wpcf7-form-control wpcf7-textarea wpcf7-validates-as-required form-control\" aria-required=\"true\" aria-invalid=\"false\" placeholder=\"\u0412\u0430\u0448\u0435 \u0441\u043e\u043e\u0431\u0449\u0435\u043d\u0438\u0435\" name=\"your-message\"><\/textarea><\/span>\n\t\t<\/p>\n\t<\/div>\n\t<p><input class=\"wpcf7-form-control wpcf7-submit has-spinner button btn-lg mt10 mt30\" type=\"submit\" value=\"\u041e\u0442\u043f\u0440\u0430\u0432\u044c\u0442\u0435 \u0441\u0432\u043e\u0435 \u0441\u043e\u043e\u0431\u0449\u0435\u043d\u0438\u0435 \u0441\u0435\u0439\u0447\u0430\u0441\" \/>\n\t<\/p>\n<\/div>\n<input type=\"hidden\" name=\"trp-form-language\" value=\"ru\"\/><\/form>\n<\/div>\n<\/div><\/div><\/div><div class=\"wpb_column vc_column_container vc_col-sm-4\"><div class=\"vc_column-inner\"><div class=\"wpb_wrapper\"><div class=\"vc_row wpb_row vc_inner vc_row-fluid\"><div class=\"wpb_column vc_column_container vc_col-sm-12 vc_hidden-lg vc_hidden-md\"><div class=\"vc_column-inner\"><div class=\"wpb_wrapper\"><div class=\"vc_empty_space\"   style=\"height: 50px\"><span class=\"vc_empty_space_inner\"><\/span><\/div><\/div><\/div><\/div><\/div>\t\t\t<div\r\n\t\t\t\tclass=\"main_title  text-left\">\r\n\t\t\t\t<h2 class=\"title\">\u041a\u041e\u041d\u0422\u0410\u041a\u0422\u041d\u0410\u042f \u0418\u041d\u0424\u041e\u0420\u041c\u0410\u0426\u0418\u042f<\/h2>\r\n\t\t\t\t\t\t\t<\/div>\r\n\t\t\n\t<div class=\"wpb_text_column wpb_content_element contact-info\" >\n\t\t<div class=\"wpb_wrapper\">\n\t\t\t<p><strong>\u0410\u0414\u0420\u0415\u0421:<\/strong><\/p>\n<p>Arapsuyu Mahallesi, Akdeniz Bulvar\u0131, 603. Sk. No:2, 07070 Konyaalt\u0131\/Antalya\/T\u00fcrkiye<\/p>\n<p><strong>\u0410\u0414\u0420\u0415\u0421 \u042d\u041b\u0415\u041a\u0422\u0420\u041e\u041d\u041d\u041e\u0419 \u041f\u041e\u0427\u0422\u042b:<\/strong><\/p>\n<p><a href=\"mailto:info@thecornerpark.com\">info@thecornerpark.com<\/a><\/p>\n<p><strong>WEB:<\/strong><\/p>\n<p>www.thecornerpark.com<\/p>\n<p><strong>\u0422\u0415\u041b\u0415\u0424\u041e\u041d:<\/strong><\/p>\n<p>+90 242 2291011<\/p>\n<p><strong>FAX:<\/strong><\/p>\n<p>+90 242 2297484<\/p>\n\n\t\t<\/div>\n\t<\/div>\n    <div class=\"social_media\">\r\n              <a class=\"facebook\" href=\"https:\/\/www.facebook.com\/TheCornerParkHotel\" target=\"_blank\" rel=\"noopener\"><i class=\"fa fa-facebook\"><\/i><\/a>\r\n                    <a class=\"twitter\" href=\"https:\/\/twitter.com\/The_Corner_Park\" target=\"_blank\" rel=\"noopener\"><i class=\"fa fa-twitter\"><\/i><\/a>\r\n                                <a class=\"youtube\" href=\"https:\/\/www.youtube.com\/channel\/UCgKV7WykFOv0NlZ47azZ52A\" target=\"_blank\" rel=\"noopener\"><i class=\"fa fa-youtube\"><\/i><\/a>\r\n                    <a class=\"instagram\" href=\"https:\/\/www.instagram.com\/thecornerparkhotelantalya\/\" target=\"_blank\" rel=\"noopener\"><i class=\"fa fa-instagram\"><\/i><\/a>\r\n          <\/div>\r\n\r\n\t\t<\/div><\/div><\/div><\/div><div class=\"vc_row wpb_row vc_row-fluid\"><div class=\"wpb_column vc_column_container vc_col-sm-12\"><div class=\"vc_column-inner\"><div class=\"wpb_wrapper\"><div class=\"vc_empty_space\"   style=\"height: 100px\"><span class=\"vc_empty_space_inner\"><\/span><\/div><\/div><\/div><\/div><\/div>\n<\/div>","protected":false},"excerpt":{"rendered":"B\u0130ZE ULA\u015eIN \u0130LET\u0130\u015e\u0130M B\u0130LG\u0130LER\u0130 ADRES: Arapsuyu Mahallesi, Akdeniz Bulvar\u0131, 603. Sk. No:2, 07070 Konyaalt\u0131\/Antalya\/T\u00fcrkiye E-POSTA ADRES\u0130: info@thecornerpark.com WEB: www.thecornerpark.com TELEFON: +90 242 2291011 FAX: +90 242 2297484","protected":false},"author":5,"featured_media":0,"parent":0,"menu_order":0,"comment_status":"closed","ping_status":"closed","template":"","meta":{"footnotes":""},"class_list":["post-456","page","type-page","status-publish","hentry"],"rankMath":{"parentDomain":"thecornerpark.com","noFollowDomains":[],"noFollowExcludeDomains":[],"noFollowExternalLinks":false,"featuredImageNotice":"The featured image should be at least 200 by 200 pixels to be picked up by Facebook and other social media sites.","pluginReviewed":false,"postSettings":{"linkSuggestions":true,"useFocusKeyword":false},"frontEndScore":false,"postName":"iletisim","permalinkFormat":"https:\/\/thecornerpark.com\/ru\/%pagename%\/","showLockModifiedDate":true,"assessor":{"focusKeywordLink":"https:\/\/thecornerpark.com\/wp-admin\/edit.php?focus_keyword=%focus_keyword%&post_type=%post_type%","hasTOCPlugin":false,"primaryTaxonomy":false,"serpData":{"title":"","description":"","focusKeywords":"","pillarContent":false,"canonicalUrl":"","breadcrumbTitle":"","advancedRobots":[],"facebookTitle":"","facebookDescription":"","facebookImage":"","facebookImageID":"","facebookHasOverlay":false,"facebookImageOverlay":"","facebookAuthor":"","twitterCardType":"","twitterUseFacebook":true,"twitterTitle":"","twitterDescription":"","twitterImage":"","twitterImageID":"","twitterHasOverlay":false,"twitterImageOverlay":"","twitterPlayerUrl":"","twitterPlayerSize":"","twitterPlayerStream":"","twitterPlayerStreamCtype":"","twitterAppDescription":"","twitterAppIphoneName":"","twitterAppIphoneID":"","twitterAppIphoneUrl":"","twitterAppIpadName":"","twitterAppIpadID":"","twitterAppIpadUrl":"","twitterAppGoogleplayName":"","twitterAppGoogleplayID":"","twitterAppGoogleplayUrl":"","twitterAppCountry":"","robots":{"index":true},"twitterAuthor":"username","primaryTerm":0,"authorName":"admin","titleTemplate":"%title% %sep% %sitename%","descriptionTemplate":"%excerpt%","showScoreFrontend":true,"lockModifiedDate":false},"powerWords":[],"diacritics":{"A":"[\\u0410\\u0430]","B":"[\\u0411\\u0431]","V":"[\\u0412\\u0432]","G":"[\\u0413\\u0433]","D":"[\\u0414\\u0434]","YE":"[\\u0415\\u0435]","YO":"[\\u0401\\u0451]","ZH":"[\\u0416\\u0436]","Z":"[\\u0417\\u0437]","EE":"[\\u0418\\u0438]","YI":"[\\u0419\\u0439]","K":"[\\u041A\\u043A]","L":"[\\u041B\\u043B]","M":"[\\u041C\\u043c]","P":"[\\u041F\\u043F]","T":"[\\u0422\\u0442]","U":"[\\u0423\\u0443]","F":"[\\u0424\\u0444]","H":"[\\u0425\\u0445]","TS":"[\\u0426\\u0446]","CH":"[\\u0427\\u0447]","SH":"[\\u0428\\u0448\\u0429\\u0449]","I":"[\\u042B\\u044B]","E":"[\\u042D\\u044D]","YU":"[\\u042E\\u044E]","YA":"[\\u042F\\u044F]","N":"[\\u041D\\u043D]"},"researchesTests":["contentHasTOC","contentHasShortParagraphs","contentHasAssets","keywordInTitle","keywordInMetaDescription","keywordInPermalink","keywordIn10Percent","keywordInContent","keywordInSubheadings","keywordInImageAlt","keywordDensity","keywordNotUsed","lengthContent","lengthPermalink","linksHasInternal","linksHasExternals","linksNotAllExternals","titleStartWithKeyword","titleSentiment","titleHasPowerWords","titleHasNumber","hasContentAI"],"hasRedirection":true,"hasBreadcrumb":false},"homeUrl":"https:\/\/thecornerpark.com\/ru","objectID":456,"objectType":"post","locale":"ru","localeFull":"ru_RU","overlayImages":{"play":{"name":"Play icon","url":"https:\/\/thecornerpark.com\/wp-content\/plugins\/seo-by-rank-math\/assets\/admin\/img\/icon-play.png","path":"\/home\/thecornerpark\/domains\/thecornerpark.com\/public_html\/wp-content\/plugins\/seo-by-rank-math\/assets\/admin\/img\/icon-play.png","position":"middle_center"},"gif":{"name":"GIF icon","url":"https:\/\/thecornerpark.com\/wp-content\/plugins\/seo-by-rank-math\/assets\/admin\/img\/icon-gif.png","path":"\/home\/thecornerpark\/domains\/thecornerpark.com\/public_html\/wp-content\/plugins\/seo-by-rank-math\/assets\/admin\/img\/icon-gif.png","position":"middle_center"}},"defautOgImage":"https:\/\/thecornerpark.com\/wp-content\/plugins\/seo-by-rank-math\/assets\/admin\/img\/social-placeholder.jpg","customPermalinks":true,"isUserRegistered":false,"autoSuggestKeywords":false,"connectSiteUrl":"https:\/\/rankmath.com\/auth?site=https%3A%2F%2Fthecornerpark.com%2Fru&r=https%3A%2F%2Fthecornerpark.com%2Fru%2Fwp-json%2Fwp%2Fv2%2Fpages%2F456%3Fnonce%3D3b24cbd0b4","maxTags":5,"trendsIcon":"<svg viewBox=\"0 0 610 610\"><path d=\"M18.85,446,174.32,290.48l58.08,58.08L76.93,504a14.54,14.54,0,0,1-20.55,0L18.83,466.48a14.54,14.54,0,0,1,0-20.55Z\" style=\"fill:#4285f4\"\/><path d=\"M242.65,242.66,377.59,377.6l-47.75,47.75a14.54,14.54,0,0,1-20.55,0L174.37,290.43l47.75-47.75A14.52,14.52,0,0,1,242.65,242.66Z\" style=\"fill:#ea4335\"\/><polygon points=\"319.53 319.53 479.26 159.8 537.34 217.88 377.61 377.62 319.53 319.53\" style=\"fill:#fabb05\"\/><path d=\"M594.26,262.73V118.61h0a16.94,16.94,0,0,0-16.94-16.94H433.2a16.94,16.94,0,0,0-12,28.92L565.34,274.71h0a16.94,16.94,0,0,0,28.92-12Z\" style=\"fill:#34a853\"\/><rect width=\"610\" height=\"610\" style=\"fill:none\"\/><\/svg>","showScore":true,"siteFavIcon":"https:\/\/thecornerpark.com\/wp-content\/uploads\/2021\/04\/cropped-logo-24x24.png","canUser":{"general":false,"advanced":false,"snippet":false,"social":false,"analysis":false,"analytics":false,"content_ai":false},"showKeywordIntent":true,"isPro":false,"is_front_page":false,"trendsUpgradeLink":"https:\/\/rankmath.com\/pricing\/?utm_source=Plugin&utm_medium=CE%20General%20Tab%20Trends&utm_campaign=WP","trendsUpgradeLabel":"Upgrade","trendsPreviewImage":"https:\/\/thecornerpark.com\/wp-content\/plugins\/seo-by-rank-math\/assets\/admin\/img\/trends-preview.jpg","currentEditor":false,"homepageData":{"assessor":{"powerWords":[],"diacritics":true,"researchesTests":["contentHasTOC","contentHasShortParagraphs","contentHasAssets","keywordInTitle","keywordInMetaDescription","keywordInPermalink","keywordIn10Percent","keywordInContent","keywordInSubheadings","keywordInImageAlt","keywordDensity","keywordNotUsed","lengthContent","lengthPermalink","linksHasInternal","linksHasExternals","linksNotAllExternals","titleStartWithKeyword","titleSentiment","titleHasPowerWords","titleHasNumber","hasContentAI"],"hasBreadcrumb":false,"serpData":{"title":"%sitename% %page% %sep% %sitedesc%","description":"","titleTemplate":"%sitename% %page% %sep% %sitedesc%","descriptionTemplate":"","focusKeywords":"","breadcrumbTitle":"Home","robots":{"index":true},"advancedRobots":[],"facebookTitle":"","facebookDescription":"","facebookImage":"","facebookImageID":""}}},"tocTitle":"Table of Contents","tocExcludeHeadings":[],"listStyle":"ul"},"_links":{"self":[{"href":"https:\/\/thecornerpark.com\/ru\/wp-json\/wp\/v2\/pages\/456","targetHints":{"allow":["GET"]}}],"collection":[{"href":"https:\/\/thecornerpark.com\/ru\/wp-json\/wp\/v2\/pages"}],"about":[{"href":"https:\/\/thecornerpark.com\/ru\/wp-json\/wp\/v2\/types\/page"}],"author":[{"embeddable":true,"href":"https:\/\/thecornerpark.com\/ru\/wp-json\/wp\/v2\/users\/5"}],"replies":[{"embeddable":true,"href":"https:\/\/thecornerpark.com\/ru\/wp-json\/wp\/v2\/comments?post=456"}],"version-history":[{"count":2,"href":"https:\/\/thecornerpark.com\/ru\/wp-json\/wp\/v2\/pages\/456\/revisions"}],"predecessor-version":[{"id":3836,"href":"https:\/\/thecornerpark.com\/ru\/wp-json\/wp\/v2\/pages\/456\/revisions\/3836"}],"wp:attachment":[{"href":"https:\/\/thecornerpark.com\/ru\/wp-json\/wp\/v2\/media?parent=456"}],"curies":[{"name":"wp","href":"https:\/\/api.w.org\/{rel}","templated":true}]}}